{"id":105,"date":"2025-10-03T12:57:33","date_gmt":"2025-10-03T10:57:33","guid":{"rendered":"https:\/\/elverge.com\/?page_id=105"},"modified":"2025-12-11T12:09:45","modified_gmt":"2025-12-11T11:09:45","slug":"105-2","status":"publish","type":"page","link":"https:\/\/elverge.com\/","title":{"rendered":"Strona g\u0142\u00f3wna"},"content":{"rendered":"<p>[et_pb_section fb_built=&#8221;1&#8243; admin_label=&#8221;Header&#8221; _builder_version=&#8221;4.22.1&#8243; _module_preset=&#8221;default&#8221; background_color=&#8221;#000000&#8243; collapsed=&#8221;on&#8221; global_colors_info=&#8221;{}&#8221;][et_pb_row column_structure=&#8221;3_5,2_5&#8243; _builder_version=&#8221;4.24.2&#8243; _module_preset=&#8221;default&#8221; global_colors_info=&#8221;{}&#8221;][et_pb_column type=&#8221;3_5&#8243; _builder_version=&#8221;4.24.2&#8243; _module_preset=&#8221;default&#8221; custom_padding=&#8221;80px||||false|false&#8221; custom_padding_tablet=&#8221;0px||||false|false&#8221; custom_padding_phone=&#8221;||||false|false&#8221; custom_padding_last_edited=&#8221;on|desktop&#8221; global_colors_info=&#8221;{}&#8221;][et_pb_text _builder_version=&#8221;4.27.4&#8243; _module_preset=&#8221;6d2e5be3-9b5f-4fa8-a496-d79c3791295a&#8221; header_4_text_color=&#8221;gcid-afa30cf2-6f5d-4b9c-aa39-7dbe1ac3b7a3&#8243; global_colors_info=&#8221;{%22gcid-afa30cf2-6f5d-4b9c-aa39-7dbe1ac3b7a3%22:%91%22header_4_text_color%22%93}&#8221;]<\/p>\n<h4>\u0141aduj szybciej. Jed\u017a dalej<\/h4>\n<p>[\/et_pb_text][et_pb_text _builder_version=&#8221;4.27.4&#8243; _module_preset=&#8221;743683fe-7c8f-4769-ba4b-59a605bd6c56&#8243; header_text_color=&#8221;#FFFFFF&#8221; global_colors_info=&#8221;{}&#8221;]<\/p>\n<h1><span>ELVERGE\u00a0 wyznaczamy standardy \u0142adowania samochod\u00f3w elektrycznych<\/span><\/h1>\n<p>[\/et_pb_text][et_pb_button button_url=&#8221;@ET-DC@eyJkeW5hbWljIjp0cnVlLCJjb250ZW50IjoicG9zdF9saW5rX3VybF9wYWdlIiwic2V0dGluZ3MiOnsicG9zdF9pZCI6IjEzMCJ9fQ==@&#8221; button_text=&#8221;Poznaj nasze produkty&#8221; _builder_version=&#8221;4.27.4&#8243; _dynamic_attributes=&#8221;button_url&#8221; _module_preset=&#8221;b8b92f8f-3349-4a94-82d3-adccec2b34ae&#8221; global_colors_info=&#8221;{}&#8221;][\/et_pb_button][\/et_pb_column][et_pb_column type=&#8221;2_5&#8243; _builder_version=&#8221;4.22.1&#8243; _module_preset=&#8221;default&#8221; global_colors_info=&#8221;{}&#8221;][et_pb_image src=&#8221;https:\/\/elverge.com\/wp-content\/uploads\/2025\/11\/wyznaczamy-standardy-ladowania-samochodow-elektrycznych2.png&#8221; title_text=&#8221;wyznaczamy standardy \u0142adowania samochod\u00f3w elektrycznych2&#8243; _builder_version=&#8221;4.27.4&#8243; _module_preset=&#8221;default&#8221; custom_margin=&#8221;|-10vw|||false|false&#8221; custom_margin_tablet=&#8221;|0vw||0vw|false|true&#8221; custom_margin_phone=&#8221;|0vw||0vw|false|true&#8221; custom_margin_last_edited=&#8221;on|tablet&#8221; scroll_fade_enable=&#8221;on&#8221; scroll_fade=&#8221;0|40|40|100|100%|100|30%&#8221; scroll_scaling_enable=&#8221;on&#8221; scroll_scaling=&#8221;0|50|50|100|100%|100|110%&#8221; scroll_blur_enable=&#8221;on&#8221; scroll_blur=&#8221;0|40|60|100|0px|0px|10px&#8221; motion_trigger_start=&#8221;bottom&#8221; border_radii=&#8221;on|20px|20px|20px|20px&#8221; global_colors_info=&#8221;{}&#8221;][\/et_pb_image][\/et_pb_column][\/et_pb_row][\/et_pb_section][et_pb_section fb_built=&#8221;1&#8243; admin_label=&#8221;Features&#8221; _builder_version=&#8221;4.22.1&#8243; _module_preset=&#8221;default&#8221; background_color=&#8221;#000000&#8243; locked=&#8221;off&#8221; collapsed=&#8221;on&#8221; global_colors_info=&#8221;{}&#8221;][et_pb_row _builder_version=&#8221;4.22.1&#8243; _module_preset=&#8221;default&#8221; global_colors_info=&#8221;{}&#8221;][et_pb_column type=&#8221;4_4&#8243; _builder_version=&#8221;4.22.1&#8243; _module_preset=&#8221;default&#8221; global_colors_info=&#8221;{}&#8221;][et_pb_text _builder_version=&#8221;4.27.4&#8243; _module_preset=&#8221;9930c82e-bb38-4ea2-a2df-350a1b1f77d9&#8243; header_2_text_color=&#8221;#FFFFFF&#8221; global_colors_info=&#8221;{}&#8221;]<\/p>\n<h2>Co nas wyr\u00f3\u017cnia<\/h2>\n<p>[\/et_pb_text][\/et_pb_column][\/et_pb_row][et_pb_row column_structure=&#8221;1_3,1_3,1_3&#8243; make_equal=&#8221;on&#8221; _builder_version=&#8221;4.24.2&#8243; _module_preset=&#8221;default&#8221; global_colors_info=&#8221;{}&#8221;][et_pb_column type=&#8221;1_3&#8243; _builder_version=&#8221;4.24.2&#8243; _module_preset=&#8221;default&#8221; custom_padding=&#8221;30px|30px|30px|30px|true|true&#8221; custom_padding_tablet=&#8221;30px|30px|30px|30px|true|true&#8221; custom_padding_phone=&#8221;20px|20px|20px|20px|true|true&#8221; custom_padding_last_edited=&#8221;on|phone&#8221; border_radii=&#8221;on|10px|10px|10px|10px&#8221; border_width_all=&#8221;1px&#8221; border_color_all=&#8221;rgba(255,255,255,0.4)&#8221; global_colors_info=&#8221;{}&#8221; border_color_all__hover_enabled=&#8221;on|hover&#8221; border_color_all__hover=&#8221;#FFFFFF&#8221; background__hover_enabled=&#8221;off|hover&#8221; background_color__hover=&#8221;rgba(255,255,255,0.1)&#8221; background_enable_color__hover=&#8221;on&#8221;][et_pb_text _builder_version=&#8221;4.27.4&#8243; _module_preset=&#8221;ab91577e-1041-43bd-a0a0-6bcd520a5f85&#8243; header_4_text_color=&#8221;gcid-afa30cf2-6f5d-4b9c-aa39-7dbe1ac3b7a3&#8243; custom_margin=&#8221;||10px||false|false&#8221; global_colors_info=&#8221;{%22gcid-afa30cf2-6f5d-4b9c-aa39-7dbe1ac3b7a3%22:%91%22header_4_text_color%22%93}&#8221;]<\/p>\n<h4>Najwy\u017csze mo\u017cliwe moce urz\u0105dze\u0144<\/h4>\n<p>[\/et_pb_text][et_pb_text _builder_version=&#8221;4.27.4&#8243; _module_preset=&#8221;190c63e5-4430-417b-9997-c06034c1f071&#8243; text_text_color=&#8221;#FFFFFF&#8221; global_colors_info=&#8221;{}&#8221;]<\/p>\n<p>Urz\u0105dzenia <strong data-start=\"11\" data-end=\"22\">Elverge<\/strong> zosta\u0142y zaprojektowane w taki spos\u00f3b, aby maksymalnie wykorzysta\u0107 dost\u0119pny system mocy w domu, firmie czy innym miejscu i dzi\u0119ki temu <strong data-start=\"157\" data-end=\"225\">zapewnia\u0107 mo\u017cliwie najszybsze \u0142adowanie samochod\u00f3w elektrycznych<\/strong>.<\/p>\n<p>[\/et_pb_text][\/et_pb_column][et_pb_column type=&#8221;1_3&#8243; _builder_version=&#8221;4.24.2&#8243; _module_preset=&#8221;default&#8221; custom_padding=&#8221;30px|30px|30px|30px|true|true&#8221; custom_padding_tablet=&#8221;30px|30px|30px|30px|true|true&#8221; custom_padding_phone=&#8221;20px|20px|20px|20px|true|true&#8221; custom_padding_last_edited=&#8221;on|phone&#8221; border_radii=&#8221;on|10px|10px|10px|10px&#8221; border_width_all=&#8221;1px&#8221; border_color_all=&#8221;gcid-a4405f6c-a1ea-4782-80a8-25c182da384f&#8221; global_colors_info=&#8221;{%22gcid-a4405f6c-a1ea-4782-80a8-25c182da384f%22:%91%22border_color_all%22%93}&#8221; border_color_all__hover=&#8221;#FFFFFF&#8221; border_color_all__hover_enabled=&#8221;on|desktop&#8221; background__hover_enabled=&#8221;off|hover&#8221;][et_pb_text _builder_version=&#8221;4.27.4&#8243; _module_preset=&#8221;ab91577e-1041-43bd-a0a0-6bcd520a5f85&#8243; header_4_text_color=&#8221;gcid-afa30cf2-6f5d-4b9c-aa39-7dbe1ac3b7a3&#8243; custom_margin=&#8221;||10px||false|false&#8221; global_colors_info=&#8221;{%22gcid-afa30cf2-6f5d-4b9c-aa39-7dbe1ac3b7a3%22:%91%22header_4_text_color%22%93}&#8221;]<\/p>\n<h4>Inteligentny system \u0142adowania<\/h4>\n<p>[\/et_pb_text][et_pb_text _builder_version=&#8221;4.27.4&#8243; _module_preset=&#8221;190c63e5-4430-417b-9997-c06034c1f071&#8243; text_text_color=&#8221;#FFFFFF&#8221; global_colors_info=&#8221;{}&#8221;]<\/p>\n<p>\u0141adowarki z inteligentnym uk\u0142adem, kt\u00f3re monitoruj\u0105 parametry i reaguj\u0105 na nieprawid\u0142owo\u015bci. Zapewniaj\u0105 stabiln\u0105 i bezpieczn\u0105 prac\u0119, chroni\u0105c samochody, urz\u0105dzenia i u\u017cytkownik\u00f3w przed przeci\u0105\u017ceniem, przepi\u0119ciami czy przegrzaniem.<\/p>\n<p>[\/et_pb_text][\/et_pb_column][et_pb_column type=&#8221;1_3&#8243; _builder_version=&#8221;4.24.2&#8243; _module_preset=&#8221;default&#8221; custom_padding=&#8221;30px|30px|30px|30px|true|true&#8221; custom_padding_tablet=&#8221;30px|30px|30px|30px|true|true&#8221; custom_padding_phone=&#8221;20px|20px|20px|20px|true|true&#8221; custom_padding_last_edited=&#8221;on|phone&#8221; border_radii=&#8221;on|10px|10px|10px|10px&#8221; border_width_all=&#8221;1px&#8221; border_color_all=&#8221;gcid-a4405f6c-a1ea-4782-80a8-25c182da384f&#8221; global_colors_info=&#8221;{%22gcid-a4405f6c-a1ea-4782-80a8-25c182da384f%22:%91%22border_color_all%22%93}&#8221; border_color_all__hover=&#8221;#FFFFFF&#8221; border_color_all__hover_enabled=&#8221;on|hover&#8221; background__hover_enabled=&#8221;off|hover&#8221;][et_pb_text _builder_version=&#8221;4.27.4&#8243; _module_preset=&#8221;ab91577e-1041-43bd-a0a0-6bcd520a5f85&#8243; header_4_text_color=&#8221;gcid-afa30cf2-6f5d-4b9c-aa39-7dbe1ac3b7a3&#8243; custom_margin=&#8221;||10px||false|false&#8221; global_colors_info=&#8221;{%22gcid-afa30cf2-6f5d-4b9c-aa39-7dbe1ac3b7a3%22:%91%22header_4_text_color%22%93}&#8221;]<\/p>\n<h4>Nowoczesny design<\/h4>\n<p>[\/et_pb_text][et_pb_text _builder_version=&#8221;4.27.4&#8243; _module_preset=&#8221;190c63e5-4430-417b-9997-c06034c1f071&#8243; text_text_color=&#8221;#FFFFFF&#8221; global_colors_info=&#8221;{}&#8221;]<\/p>\n<p>Urz\u0105dzenia <strong data-start=\"11\" data-end=\"22\">Elverge<\/strong> wyr\u00f3\u017cniaj\u0105 si\u0119 <strong data-start=\"38\" data-end=\"74\">nowoczesnym, eleganckim designem<\/strong>, kt\u00f3ry nie tylko \u015bwietnie wygl\u0105da, ale te\u017c <strong data-start=\"118\" data-end=\"180\">zosta\u0142 zaprojektowany z my\u015bl\u0105 o wygodzie i funkcjonalno\u015bci<\/strong>, u\u0142atwiaj\u0105c codzienne u\u017cytkowanie i integruj\u0105c si\u0119 z ka\u017cdym otoczeniem.<\/p>\n<p>[\/et_pb_text][\/et_pb_column][\/et_pb_row][\/et_pb_section][et_pb_section fb_built=&#8221;1&#8243; admin_label=&#8221;About&#8221; _builder_version=&#8221;4.22.1&#8243; _module_preset=&#8221;default&#8221; background_color=&#8221;#000000&#8243; collapsed=&#8221;on&#8221; global_colors_info=&#8221;{}&#8221;][et_pb_row column_structure=&#8221;1_2,1_2&#8243; _builder_version=&#8221;4.22.1&#8243; _module_preset=&#8221;default&#8221; global_colors_info=&#8221;{}&#8221;][et_pb_column type=&#8221;1_2&#8243; _builder_version=&#8221;4.22.1&#8243; _module_preset=&#8221;default&#8221; global_colors_info=&#8221;{}&#8221;][et_pb_image src=&#8221;https:\/\/elverge.com\/wp-content\/uploads\/2025\/11\/2.png&#8221; title_text=&#8221;2&#8243; _builder_version=&#8221;4.27.4&#8243; _module_preset=&#8221;default&#8221; custom_margin=&#8221;|||-4vw|false|false&#8221; custom_margin_tablet=&#8221;|||0vw|false|false&#8221; custom_margin_phone=&#8221;|||0vw|false|false&#8221; custom_margin_last_edited=&#8221;on|desktop&#8221; scroll_vertical_motion_enable=&#8221;on&#8221; scroll_vertical_motion=&#8221;0|50|50|100|1|0|-1&#8243; scroll_fade_enable=&#8221;on&#8221; scroll_blur_enable=&#8221;on&#8221; scroll_blur=&#8221;0|40|60|100|5px|0px|0px&#8221; border_radii=&#8221;on|40px|40px|40px|40px&#8221; global_colors_info=&#8221;{}&#8221; custom_margin__hover_enabled=&#8221;off|desktop&#8221;][\/et_pb_image][\/et_pb_column][et_pb_column type=&#8221;1_2&#8243; _builder_version=&#8221;4.22.1&#8243; _module_preset=&#8221;default&#8221; global_colors_info=&#8221;{}&#8221;][et_pb_text _builder_version=&#8221;4.27.4&#8243; _module_preset=&#8221;6d2e5be3-9b5f-4fa8-a496-d79c3791295a&#8221; header_4_text_color=&#8221;gcid-afa30cf2-6f5d-4b9c-aa39-7dbe1ac3b7a3&#8243; locked=&#8221;off&#8221; global_colors_info=&#8221;{%22gcid-afa30cf2-6f5d-4b9c-aa39-7dbe1ac3b7a3%22:%91%22header_4_text_color%22%93}&#8221;]<\/p>\n<h4>eUROPEJSKI STANDARD<\/h4>\n<p>[\/et_pb_text][et_pb_text _builder_version=&#8221;4.27.4&#8243; _module_preset=&#8221;9930c82e-bb38-4ea2-a2df-350a1b1f77d9&#8243; header_2_text_color=&#8221;#FFFFFF&#8221; custom_margin=&#8221;||10px||false|false&#8221; global_colors_info=&#8221;{}&#8221;]<\/p>\n<h2>Z\u0142\u0105cze Type 2<\/h2>\n<p>[\/et_pb_text][et_pb_text _builder_version=&#8221;4.27.4&#8243; _module_preset=&#8221;ce59d309-728a-4c13-bf6a-e3ebb7b55a62&#8243; text_text_color=&#8221;#FFFFFF&#8221; global_colors_info=&#8221;{}&#8221;]<\/p>\n<p>Urz\u0105dzenia <strong data-start=\"11\" data-end=\"22\">Elverge<\/strong> we wszystkich swoich \u0142adowarkach wykorzystuj\u0105 <strong data-start=\"69\" data-end=\"86\">z\u0142\u0105cze typu 2<\/strong> \u2013 standardowe europejskie rozwi\u0105zanie, kompatybilne z wi\u0119kszo\u015bci\u0105 samochod\u00f3w elektrycznych. Zapewnia <strong data-start=\"188\" data-end=\"231\">bezpieczne, szybkie i wygodne \u0142adowanie<\/strong>, bez potrzeby dodatkowych adapter\u00f3w.<\/p>\n<p>[\/et_pb_text][et_pb_cta title=&#8221;Nie wiesz, kt\u00f3re urz\u0105dzenie wybra\u0107?&#8221; button_url=&#8221;@ET-DC@eyJkeW5hbWljIjp0cnVlLCJjb250ZW50IjoicG9zdF9saW5rX3VybF9wYWdlIiwic2V0dGluZ3MiOnsicG9zdF9pZCI6IjE0OSJ9fQ==@&#8221; button_text=&#8221;Kontakt&#8221; _builder_version=&#8221;4.27.4&#8243; _dynamic_attributes=&#8221;button_url&#8221; _module_preset=&#8221;8600f038-825f-4d4e-9961-2245c099bc14&#8243; header_font=&#8221;Exo 2||||||||&#8221; header_text_color=&#8221;#000000&#8243; header_font_size=&#8221;20px&#8221; header_line_height=&#8221;1.4em&#8221; body_font=&#8221;Lato||||||||&#8221; body_text_color=&#8221;#000000&#8243; body_font_size=&#8221;16px&#8221; body_line_height=&#8221;1.8em&#8221; button_text_size=&#8221;14px&#8221; button_text_color=&#8221;#FFFFFF&#8221; button_bg_color=&#8221;#000000&#8243; button_border_width=&#8221;0px&#8221; button_border_radius=&#8221;4px&#8221; button_font=&#8221;Exo 2|700||on|||||&#8221; button_icon=&#8221;&#xf0a9;||fa||900&#8243; button_on_hover=&#8221;off&#8221; button_custom_padding=&#8221;12px|42px|12px|24px|true|false&#8221; text_orientation=&#8221;left&#8221; custom_padding=&#8221;30px|30px|30px|30px|true|true&#8221; custom_padding_tablet=&#8221;30px|30px|30px|30px|true|true&#8221; custom_padding_phone=&#8221;20px|20px|20px|20px|true|true&#8221; custom_padding_last_edited=&#8221;on|phone&#8221; header_font_size_tablet=&#8221;16px&#8221; header_font_size_phone=&#8221;15px&#8221; header_font_size_last_edited=&#8221;on|desktop&#8221; body_font_size_tablet=&#8221;15px&#8221; body_font_size_phone=&#8221;14px&#8221; body_font_size_last_edited=&#8221;on|desktop&#8221; border_radii=&#8221;on|10px|10px|10px|10px&#8221; box_shadow_style=&#8221;preset4&#8243; box_shadow_horizontal=&#8221;6px&#8221; box_shadow_vertical=&#8221;-2px&#8221; box_shadow_blur=&#8221;40px&#8221; box_shadow_color=&#8221;rgba(12,245,126,0.7)&#8221; global_colors_info=&#8221;{%22gcid-afa30cf2-6f5d-4b9c-aa39-7dbe1ac3b7a3%22:%91%22background_color%22%93}&#8221;]<\/p>\n<p>Skontaktuj si\u0119 z nami, a nasi eksperci pomog\u0105 Ci dobra\u0107 odpowiednie urz\u0105dzenie.<\/p>\n<p>[\/et_pb_cta][\/et_pb_column][\/et_pb_row][\/et_pb_section][et_pb_section fb_built=&#8221;1&#8243; admin_label=&#8221;Call to Action&#8221; _builder_version=&#8221;4.27.4&#8243; _module_preset=&#8221;default&#8221; use_background_color_gradient=&#8221;on&#8221; background_color_gradient_stops=&#8221;#000000 0%|rgba(0,0,0,0.4) 25%|rgba(0,0,0,0) 49%|rgba(0,0,0,0.4) 75%|#000000 100%&#8221; background_color_gradient_overlays_image=&#8221;on&#8221; background_image=&#8221;https:\/\/elverge.com\/wp-content\/uploads\/2025\/12\/Poznaj-nasza-marke-3-scaled.png&#8221; custom_padding=&#8221;9vw||9vw||true|false&#8221; locked=&#8221;off&#8221; collapsed=&#8221;on&#8221; global_colors_info=&#8221;{}&#8221; height__hover_enabled=&#8221;off|desktop&#8221;][et_pb_row _builder_version=&#8221;4.27.4&#8243; _module_preset=&#8221;default&#8221; max_width=&#8221;none&#8221; global_colors_info=&#8221;{}&#8221;][et_pb_column type=&#8221;4_4&#8243; _builder_version=&#8221;4.22.1&#8243; _module_preset=&#8221;default&#8221; global_colors_info=&#8221;{}&#8221;][et_pb_button button_text=&#8221;Poznaj nasz\u0105 mark\u0119&#8221; button_alignment=&#8221;center&#8221; _builder_version=&#8221;4.27.4&#8243; _module_preset=&#8221;b8b92f8f-3349-4a94-82d3-adccec2b34ae&#8221; custom_margin=&#8221;200px||||false|false&#8221; hover_enabled=&#8221;0&#8243; global_colors_info=&#8221;{}&#8221; button_url=&#8221;https:\/\/elverge.com\/?page_id=320&#8243; sticky_enabled=&#8221;0&#8243;][\/et_pb_button][\/et_pb_column][\/et_pb_row][\/et_pb_section][et_pb_section fb_built=&#8221;1&#8243; admin_label=&#8221;Showcase&#8221; _builder_version=&#8221;4.22.1&#8243; _module_preset=&#8221;default&#8221; background_color=&#8221;#000000&#8243; collapsed=&#8221;on&#8221; global_colors_info=&#8221;{}&#8221;][et_pb_row _builder_version=&#8221;4.22.1&#8243; _module_preset=&#8221;default&#8221; global_colors_info=&#8221;{}&#8221;][et_pb_column type=&#8221;4_4&#8243; _builder_version=&#8221;4.22.1&#8243; _module_preset=&#8221;default&#8221; global_colors_info=&#8221;{}&#8221;][et_pb_text _builder_version=&#8221;4.27.4&#8243; _module_preset=&#8221;6d2e5be3-9b5f-4fa8-a496-d79c3791295a&#8221; header_4_text_color=&#8221;gcid-afa30cf2-6f5d-4b9c-aa39-7dbe1ac3b7a3&#8243; global_colors_info=&#8221;{%22gcid-afa30cf2-6f5d-4b9c-aa39-7dbe1ac3b7a3%22:%91%22header_4_text_color%22%93}&#8221;]<\/p>\n<h4>DZIA\u0141AJ Z NAMI<\/h4>\n<p>[\/et_pb_text][et_pb_text _builder_version=&#8221;4.27.4&#8243; _module_preset=&#8221;7f0ed350-995c-4202-a349-51612c4246ab&#8221; header_2_text_color=&#8221;#FFFFFF&#8221; global_colors_info=&#8221;{}&#8221;]<\/p>\n<h2>ZOSTA\u0143 DYSTRYBUTOREM MARKI ELVERGE<\/h2>\n<p>[\/et_pb_text][\/et_pb_column][\/et_pb_row][et_pb_row column_structure=&#8221;2_5,3_5&#8243; _builder_version=&#8221;4.22.1&#8243; _module_preset=&#8221;default&#8221; global_colors_info=&#8221;{}&#8221;][et_pb_column type=&#8221;2_5&#8243; _builder_version=&#8221;4.22.1&#8243; _module_preset=&#8221;default&#8221; global_colors_info=&#8221;{}&#8221;][et_pb_image src=&#8221;https:\/\/elverge.com\/wp-content\/uploads\/2025\/10\/augmented-reality-illustration-07@2x.png&#8221; title_text=&#8221;augmented-reality-illustration-07@2x&#8221; _builder_version=&#8221;4.24.2&#8243; _module_preset=&#8221;default&#8221; max_height_tablet=&#8221;400px&#8221; max_height_phone=&#8221;400px&#8221; max_height_last_edited=&#8221;on|tablet&#8221; custom_margin=&#8221;|||-30vw|false|false&#8221; custom_margin_tablet=&#8221;||-40vw|-30vw|false|false&#8221; custom_margin_phone=&#8221;||-40vw|-30vw|false|false&#8221; custom_margin_last_edited=&#8221;on|tablet&#8221; scroll_vertical_motion_enable=&#8221;on&#8221; scroll_vertical_motion=&#8221;0|50|50|100|1|0|-1&#8243; global_colors_info=&#8221;{}&#8221;][\/et_pb_image][\/et_pb_column][et_pb_column type=&#8221;3_5&#8243; _builder_version=&#8221;4.22.1&#8243; _module_preset=&#8221;default&#8221; global_colors_info=&#8221;{}&#8221;][et_pb_image src=&#8221;https:\/\/elverge.com\/wp-content\/uploads\/2025\/11\/Staly-rozwoj-i-ekspansja-na-Europe.png&#8221; title_text=&#8221;Sta\u0142y rozw\u00f3j i ekspansja na Europ\u0119&#8221; _builder_version=&#8221;4.27.4&#8243; _module_preset=&#8221;default&#8221; width=&#8221;60%&#8221; max_height_tablet=&#8221;400px&#8221; max_height_phone=&#8221;400px&#8221; max_height_last_edited=&#8221;on|tablet&#8221; border_radii=&#8221;on|3vw|3vw|3vw|3vw&#8221; border_width_all=&#8221;16px&#8221; border_color_all=&#8221;rgba(255,255,255,0.2)&#8221; border_style_all=&#8221;double&#8221; global_colors_info=&#8221;{}&#8221;][\/et_pb_image][et_pb_text _builder_version=&#8221;4.27.4&#8243; _module_preset=&#8221;9930c82e-bb38-4ea2-a2df-350a1b1f77d9&#8243; header_2_text_color=&#8221;#FFFFFF&#8221; custom_margin=&#8221;||10px||false|false&#8221; locked=&#8221;off&#8221; global_colors_info=&#8221;{}&#8221;]<\/p>\n<h2>Sta\u0142y rozw\u00f3j i ekspansja na Europ\u0119<\/h2>\n<p>[\/et_pb_text][et_pb_text _builder_version=&#8221;4.27.4&#8243; _module_preset=&#8221;ce59d309-728a-4c13-bf6a-e3ebb7b55a62&#8243; text_text_color=&#8221;#FFFFFF&#8221; global_colors_info=&#8221;{}&#8221;]<\/p>\n<p>Nieustannie si\u0119 rozwijamy i poszukujemy nowych partner\u00f3w biznesowych. Je\u015bli jeste\u015b zainteresowany dystrybucj\u0105 naszych produkt\u00f3w w Polsce lub w Europie, do\u0142\u0105cz do naszej sieci i wsp\u00f3\u0142tw\u00f3rz z nami przysz\u0142o\u015b\u0107 elektromobilno\u015bci.<\/p>\n<p>[\/et_pb_text][et_pb_button button_url=&#8221;@ET-DC@eyJkeW5hbWljIjp0cnVlLCJjb250ZW50IjoicG9zdF9saW5rX3VybF9wYWdlIiwic2V0dGluZ3MiOnsicG9zdF9pZCI6IjE0OSJ9fQ==@&#8221; button_text=&#8221;kontakt&#8221; _builder_version=&#8221;4.27.4&#8243; _dynamic_attributes=&#8221;button_url&#8221; _module_preset=&#8221;b8b92f8f-3349-4a94-82d3-adccec2b34ae&#8221; global_colors_info=&#8221;{}&#8221;][\/et_pb_button][\/et_pb_column][\/et_pb_row][\/et_pb_section]<\/p>\n","protected":false},"excerpt":{"rendered":"<p>\u0141aduj szybciej. Jed\u017a dalejELVERGE\u00a0 wyznaczamy standardy \u0142adowania samochod\u00f3w elektrycznychCo nas wyr\u00f3\u017cniaNajwy\u017csze mo\u017cliwe moce urz\u0105dze\u0144Urz\u0105dzenia Elverge zosta\u0142y zaprojektowane w taki spos\u00f3b, aby maksymalnie wykorzysta\u0107 dost\u0119pny system mocy w domu, firmie czy innym miejscu i dzi\u0119ki temu zapewnia\u0107 mo\u017cliwie najszybsze \u0142adowanie samochod\u00f3w elektrycznych.Inteligentny system \u0142adowania\u0141adowarki z inteligentnym uk\u0142adem, kt\u00f3re monitoruj\u0105 parametry i reaguj\u0105 na nieprawid\u0142owo\u015bci. Zapewniaj\u0105 stabiln\u0105 [&hellip;]<\/p>\n","protected":false},"author":1,"featured_media":0,"parent":0,"menu_order":0,"comment_status":"closed","ping_status":"closed","template":"","meta":{"_et_pb_use_builder":"on","_et_pb_old_content":"","_et_gb_content_width":"","footnotes":""},"class_list":["post-105","page","type-page","status-publish","hentry"],"_links":{"self":[{"href":"https:\/\/elverge.com\/index.php?rest_route=\/wp\/v2\/pages\/105","targetHints":{"allow":["GET"]}}],"collection":[{"href":"https:\/\/elverge.com\/index.php?rest_route=\/wp\/v2\/pages"}],"about":[{"href":"https:\/\/elverge.com\/index.php?rest_route=\/wp\/v2\/types\/page"}],"author":[{"embeddable":true,"href":"https:\/\/elverge.com\/index.php?rest_route=\/wp\/v2\/users\/1"}],"replies":[{"embeddable":true,"href":"https:\/\/elverge.com\/index.php?rest_route=%2Fwp%2Fv2%2Fcomments&post=105"}],"version-history":[{"count":29,"href":"https:\/\/elverge.com\/index.php?rest_route=\/wp\/v2\/pages\/105\/revisions"}],"predecessor-version":[{"id":551,"href":"https:\/\/elverge.com\/index.php?rest_route=\/wp\/v2\/pages\/105\/revisions\/551"}],"wp:attachment":[{"href":"https:\/\/elverge.com\/index.php?rest_route=%2Fwp%2Fv2%2Fmedia&parent=105"}],"curies":[{"name":"wp","href":"https:\/\/api.w.org\/{rel}","templated":true}]}}