{"id":130,"date":"2025-10-03T14:12:36","date_gmt":"2025-10-03T12:12:36","guid":{"rendered":"https:\/\/elverge.com\/?page_id=130"},"modified":"2025-11-26T11:24:48","modified_gmt":"2025-11-26T10:24:48","slug":"produkty","status":"publish","type":"page","link":"https:\/\/elverge.com\/?page_id=130","title":{"rendered":"PRODUKTY"},"content":{"rendered":"<p>[et_pb_section fb_built=&#8221;1&#8243; admin_label=&#8221;Header&#8221; _builder_version=&#8221;4.23.1&#8243; _module_preset=&#8221;default&#8221; background_color=&#8221;#000000&#8243; use_background_color_gradient=&#8221;on&#8221; background_color_gradient_stops=&#8221;#000000 0%|gcid-143aa564-2dbe-4a69-aba4-6587f516793c 100%&#8221; custom_padding=&#8221;6vw||6vw||true|false&#8221; collapsed=&#8221;on&#8221; global_colors_info=&#8221;{%22gcid-143aa564-2dbe-4a69-aba4-6587f516793c%22:%91%22background_color_gradient_stops%22%93}&#8221;][et_pb_row column_structure=&#8221;1_2,1_2&#8243; make_equal=&#8221;on&#8221; _builder_version=&#8221;4.22.1&#8243; _module_preset=&#8221;default&#8221; global_colors_info=&#8221;{}&#8221;][et_pb_column type=&#8221;1_2&#8243; _builder_version=&#8221;4.22.1&#8243; _module_preset=&#8221;default&#8221; custom_padding=&#8221;60px||60px||true|false&#8221; custom_padding_tablet=&#8221;0px||0px||true|false&#8221; custom_padding_phone=&#8221;0px||0px||true|false&#8221; custom_padding_last_edited=&#8221;on|desktop&#8221; global_colors_info=&#8221;{}&#8221;][et_pb_text _builder_version=&#8221;4.27.4&#8243; _module_preset=&#8221;afc5b3f9-ad51-4850-876a-01934c2fea96&#8243; header_4_text_color=&#8221;gcid-afa30cf2-6f5d-4b9c-aa39-7dbe1ac3b7a3&#8243; hover_enabled=&#8221;0&#8243; global_colors_info=&#8221;{%22gcid-afa30cf2-6f5d-4b9c-aa39-7dbe1ac3b7a3%22:%91%22header_4_text_color%22%93}&#8221; text_font_size=&#8221;25px&#8221; header_4_font_size=&#8221;25px&#8221; sticky_enabled=&#8221;0&#8243;]<\/p>\n<h4>nasze produkty<\/h4>\n<p>[\/et_pb_text][et_pb_text _builder_version=&#8221;4.27.4&#8243; _module_preset=&#8221;610ee521-4259-4d3c-986c-87873bb13e8f&#8221; header_2_text_color=&#8221;#FFFFFF&#8221; custom_margin=&#8221;||10px||false|false&#8221; hover_enabled=&#8221;0&#8243; global_colors_info=&#8221;{}&#8221; sticky_enabled=&#8221;0&#8243;]<\/p>\n<h2>\u0141ADUJ PRZYSZ\u0141O\u015a\u0106<\/h2>\n<h2>Z ELVERGE.<\/h2>\n<p>[\/et_pb_text][\/et_pb_column][et_pb_column type=&#8221;1_2&#8243; _builder_version=&#8221;4.27.4&#8243; _module_preset=&#8221;default&#8221; global_colors_info=&#8221;{}&#8221;][et_pb_image src=&#8221;https:\/\/elverge.com\/wp-content\/uploads\/2025\/11\/7-1-scaled.png&#8221; title_text=&#8221;7&#8243; _builder_version=&#8221;4.27.4&#8243; _module_preset=&#8221;default&#8221; border_radii=&#8221;on|20px|20px|20px|20px&#8221; global_colors_info=&#8221;{}&#8221;][\/et_pb_image][\/et_pb_column][\/et_pb_row][\/et_pb_section][et_pb_section fb_built=&#8221;1&#8243; admin_label=&#8221;Mission &#038; Vision&#8221; _builder_version=&#8221;4.22.1&#8243; _module_preset=&#8221;default&#8221; background_color=&#8221;#000000&#8243; collapsed=&#8221;off&#8221; global_colors_info=&#8221;{}&#8221;][et_pb_row column_structure=&#8221;1_3,1_3,1_3&#8243; module_id=&#8221;produkty&#8221; _builder_version=&#8221;4.27.4&#8243; _module_preset=&#8221;default&#8221; global_colors_info=&#8221;{}&#8221;][et_pb_column type=&#8221;1_3&#8243; admin_label=&#8221;Kolumna&#8221; _builder_version=&#8221;4.27.4&#8243; _dynamic_attributes=&#8221;link_option_url&#8221; _module_preset=&#8221;default&#8221; link_option_url=&#8221;@ET-DC@eyJkeW5hbWljIjp0cnVlLCJjb250ZW50IjoicG9zdF9saW5rX3VybF9wYWdlIiwic2V0dGluZ3MiOnsicG9zdF9pZCI6IjI0NCJ9fQ==@&#8221; global_colors_info=&#8221;{}&#8221;][et_pb_image src=&#8221;https:\/\/elverge.com\/wp-content\/uploads\/2025\/11\/2-1.png&#8221; title_text=&#8221;2&#8243; _builder_version=&#8221;4.27.4&#8243; _module_preset=&#8221;default&#8221; border_radii=&#8221;on|15px|15px|15px|15px&#8221; global_colors_info=&#8221;{}&#8221;][\/et_pb_image][et_pb_text _builder_version=&#8221;4.27.4&#8243; _module_preset=&#8221;e9c6a37d-5208-4875-83d2-5735a4195687&#8243; custom_margin=&#8221;||10px||false|false&#8221; global_colors_info=&#8221;{}&#8221;]<\/p>\n<h3>Przeno\u015bna \u0141adowarka Samochodowa 3,5kW<\/h3>\n<p>[\/et_pb_text][et_pb_text _builder_version=&#8221;4.27.4&#8243; _module_preset=&#8221;232f5635-ca58-4019-b5b6-34c1b9648973&#8243; text_text_color=&#8221;#FFFFFF&#8221; global_colors_info=&#8221;{}&#8221;]<\/p>\n<p><strong data-start=\"25\" data-end=\"75\">Przeno\u015bna \u0141adowarka Samochodowa Elverge 3,5 kW<\/strong> \u2013 praktyczne i kompaktowe rozwi\u0105zanie do \u0142adowania samochod\u00f3w elektrycznych w dowolnym miejscu. Moc 3,5 kW umo\u017cliwia bezpieczne i stabilne \u0142adowanie, a lekka konstrukcja i wygodny uchwyt sprawiaj\u0105, \u017ce \u0142adowark\u0119 \u0142atwo zabra\u0107 ze sob\u0105 w podr\u00f3\u017c. Idealna do codziennego u\u017cytku w domu, biurze czy w trasie.<\/p>\n<p>[\/et_pb_text][\/et_pb_column][et_pb_column type=&#8221;1_3&#8243; _builder_version=&#8221;4.27.4&#8243; _dynamic_attributes=&#8221;link_option_url&#8221; _module_preset=&#8221;default&#8221; link_option_url=&#8221;@ET-DC@eyJkeW5hbWljIjp0cnVlLCJjb250ZW50IjoicG9zdF9saW5rX3VybF9wYWdlIiwic2V0dGluZ3MiOnsicG9zdF9pZCI6IjI1NiJ9fQ==@&#8221; global_colors_info=&#8221;{}&#8221;][et_pb_image src=&#8221;https:\/\/elverge.com\/wp-content\/uploads\/2025\/11\/6.png&#8221; title_text=&#8221;6&#8243; _builder_version=&#8221;4.27.4&#8243; _module_preset=&#8221;default&#8221; border_radii=&#8221;on|15px|15px|15px|15px&#8221; global_colors_info=&#8221;{}&#8221;][\/et_pb_image][et_pb_text module_id=&#8221;11kw&#8221; _builder_version=&#8221;4.27.4&#8243; _module_preset=&#8221;e9c6a37d-5208-4875-83d2-5735a4195687&#8243; custom_margin=&#8221;||10px||false|false&#8221; locked=&#8221;off&#8221; global_colors_info=&#8221;{}&#8221;]<\/p>\n<h3>Przeno\u015bna \u0141adowarka Samochodowa 11kW<\/h3>\n<p>[\/et_pb_text][et_pb_text _builder_version=&#8221;4.27.4&#8243; _module_preset=&#8221;232f5635-ca58-4019-b5b6-34c1b9648973&#8243; text_text_color=&#8221;#FFFFFF&#8221; global_colors_info=&#8221;{}&#8221;]<\/p>\n<p><strong data-start=\"25\" data-end=\"74\">Przeno\u015bna \u0141adowarka Samochodowa Elverge 11 kW<\/strong> \u2013 wydajne i mobilne rozwi\u0105zanie do \u0142adowania samochod\u00f3w elektrycznych w domu, w pracy lub w podr\u00f3\u017cy. Dzi\u0119ki mocy 11 kW zapewnia szybkie, bezpieczne i stabilne \u0142adowanie. Solidna, lekka konstrukcja i ergonomiczny uchwyt u\u0142atwiaj\u0105 przenoszenie i codzienne u\u017cytkowanie.<\/p>\n<p>[\/et_pb_text][\/et_pb_column][et_pb_column type=&#8221;1_3&#8243; _builder_version=&#8221;4.27.4&#8243; _dynamic_attributes=&#8221;link_option_url&#8221; _module_preset=&#8221;default&#8221; link_option_url=&#8221;@ET-DC@eyJkeW5hbWljIjp0cnVlLCJjb250ZW50IjoicG9zdF9saW5rX3VybF9wYWdlIiwic2V0dGluZ3MiOnsicG9zdF9pZCI6IjI2OSJ9fQ==@&#8221; global_colors_info=&#8221;{}&#8221;][et_pb_image src=&#8221;https:\/\/elverge.com\/wp-content\/uploads\/2025\/11\/18.png&#8221; title_text=&#8221;18&#8243; _builder_version=&#8221;4.27.4&#8243; _module_preset=&#8221;default&#8221; border_radii=&#8221;on|15px|15px|15px|15px&#8221; global_colors_info=&#8221;{}&#8221;][\/et_pb_image][et_pb_text _builder_version=&#8221;4.27.4&#8243; _module_preset=&#8221;e9c6a37d-5208-4875-83d2-5735a4195687&#8243; custom_margin=&#8221;||10px||false|false&#8221; global_colors_info=&#8221;{}&#8221;]<\/p>\n<h3>\u0141adowarka EV Wallbox 22kW<\/h3>\n<p>[\/et_pb_text][et_pb_text _builder_version=&#8221;4.27.4&#8243; _module_preset=&#8221;232f5635-ca58-4019-b5b6-34c1b9648973&#8243; text_text_color=&#8221;#FFFFFF&#8221; locked=&#8221;off&#8221; global_colors_info=&#8221;{}&#8221;]<\/p>\n<p><strong data-start=\"54\" data-end=\"92\">\u0141adowarka EV Elverge Wallbox 22 kW<\/strong> \u2013 nowoczesne i kompaktowe rozwi\u0105zanie do \u0142adowania samochod\u00f3w elektrycznych w domu lub firmie. Dzi\u0119ki mocy 22 kW zapewnia szybkie, bezpieczne i efektywne \u0142adowanie. Wyposa\u017cona w inteligentne funkcje zarz\u0105dzania energi\u0105, solidn\u0105 konstrukcj\u0119 i prosty monta\u017c, gwarantuje wygod\u0119 i niezawodno\u015b\u0107 na co dzie\u0144.<\/p>\n<p>[\/et_pb_text][\/et_pb_column][\/et_pb_row][et_pb_row _builder_version=&#8221;4.27.4&#8243; _module_preset=&#8221;default&#8221; module_alignment=&#8221;center&#8221; custom_margin_last_edited=&#8221;off|desktop&#8221; border_radii=&#8221;on|10px|10px|10px|10px&#8221; global_colors_info=&#8221;{}&#8221;][et_pb_column type=&#8221;4_4&#8243; _builder_version=&#8221;4.27.4&#8243; _module_preset=&#8221;default&#8221; global_colors_info=&#8221;{}&#8221;][et_pb_button button_url=&#8221;https:\/\/yell.com.pl\/elverge-c-35_33.html&#8221; button_text=&#8221;Odwied\u017a nasz sklep&#8221; button_alignment=&#8221;center&#8221; _builder_version=&#8221;4.27.4&#8243; _module_preset=&#8221;default&#8221; global_colors_info=&#8221;{}&#8221;][\/et_pb_button][\/et_pb_column][\/et_pb_row][\/et_pb_section]<\/p>\n","protected":false},"excerpt":{"rendered":"<p>nasze produkty\u0141ADUJ PRZYSZ\u0141O\u015a\u0106 Z ELVERGE.Przeno\u015bna \u0141adowarka Samochodowa 3,5kWPrzeno\u015bna \u0141adowarka Samochodowa Elverge 3,5 kW \u2013 praktyczne i kompaktowe rozwi\u0105zanie do \u0142adowania samochod\u00f3w elektrycznych w dowolnym miejscu. Moc 3,5 kW umo\u017cliwia bezpieczne i stabilne \u0142adowanie, a lekka konstrukcja i wygodny uchwyt sprawiaj\u0105, \u017ce \u0142adowark\u0119 \u0142atwo zabra\u0107 ze sob\u0105 w podr\u00f3\u017c. Idealna do codziennego u\u017cytku w domu, biurze [&hellip;]<\/p>\n","protected":false},"author":1,"featured_media":0,"parent":0,"menu_order":0,"comment_status":"closed","ping_status":"closed","template":"","meta":{"_et_pb_use_builder":"on","_et_pb_old_content":"","_et_gb_content_width":"","footnotes":""},"class_list":["post-130","page","type-page","status-publish","hentry"],"_links":{"self":[{"href":"https:\/\/elverge.com\/index.php?rest_route=\/wp\/v2\/pages\/130","targetHints":{"allow":["GET"]}}],"collection":[{"href":"https:\/\/elverge.com\/index.php?rest_route=\/wp\/v2\/pages"}],"about":[{"href":"https:\/\/elverge.com\/index.php?rest_route=\/wp\/v2\/types\/page"}],"author":[{"embeddable":true,"href":"https:\/\/elverge.com\/index.php?rest_route=\/wp\/v2\/users\/1"}],"replies":[{"embeddable":true,"href":"https:\/\/elverge.com\/index.php?rest_route=%2Fwp%2Fv2%2Fcomments&post=130"}],"version-history":[{"count":34,"href":"https:\/\/elverge.com\/index.php?rest_route=\/wp\/v2\/pages\/130\/revisions"}],"predecessor-version":[{"id":428,"href":"https:\/\/elverge.com\/index.php?rest_route=\/wp\/v2\/pages\/130\/revisions\/428"}],"wp:attachment":[{"href":"https:\/\/elverge.com\/index.php?rest_route=%2Fwp%2Fv2%2Fmedia&parent=130"}],"curies":[{"name":"wp","href":"https:\/\/api.w.org\/{rel}","templated":true}]}}