{"id":244,"date":"2025-11-05T09:07:13","date_gmt":"2025-11-05T08:07:13","guid":{"rendered":"https:\/\/elverge.com\/?page_id=244"},"modified":"2026-03-09T13:46:26","modified_gmt":"2026-03-09T12:46:26","slug":"ladowarka-35kw","status":"publish","type":"page","link":"https:\/\/elverge.com\/?page_id=244","title":{"rendered":"\u0141adowarka 3,5kW"},"content":{"rendered":"<p>[et_pb_section fb_built=&#8221;1&#8243; _builder_version=&#8221;4.27.4&#8243; _module_preset=&#8221;default&#8221; background_color=&#8221;#000000&#8243; global_colors_info=&#8221;{}&#8221;][et_pb_row column_structure=&#8221;1_2,1_2&#8243; _builder_version=&#8221;4.27.4&#8243; _module_preset=&#8221;default&#8221; global_colors_info=&#8221;{}&#8221;][et_pb_column type=&#8221;1_2&#8243; _builder_version=&#8221;4.27.4&#8243; _module_preset=&#8221;default&#8221; global_colors_info=&#8221;{}&#8221;][et_pb_text _builder_version=&#8221;4.27.4&#8243; _module_preset=&#8221;default&#8221; text_font_size=&#8221;19px&#8221; header_font=&#8221;||||||||&#8221; header_3_font=&#8221;Exo 2||||||||&#8221; header_3_text_color=&#8221;#FFFFFF&#8221; header_3_font_size=&#8221;40px&#8221; header_3_line_height=&#8221;1.2em&#8221; global_colors_info=&#8221;{}&#8221;]<\/p>\n<h3>Przeno\u015bna \u0141adowarka Samochodowa 3,5Kw<\/h3>\n<p>[\/et_pb_text][et_pb_text _builder_version=&#8221;4.27.4&#8243; _module_preset=&#8221;default&#8221; text_font=&#8221;Lato||||||||&#8221; text_text_color=&#8221;#FFFFFF&#8221; text_font_size=&#8221;25px&#8221; text_letter_spacing=&#8221;1px&#8221; text_line_height=&#8221;1.2em&#8221; custom_padding=&#8221;||0px|||&#8221; text_font_last_edited=&#8221;off|desktop&#8221; global_colors_info=&#8221;{}&#8221;]<\/p>\n<p><strong data-start=\"25\" data-end=\"75\">Przeno\u015bna \u0141adowarka Samochodowa Elverge 3,5 kW<\/strong> \u2013 praktyczne i kompaktowe rozwi\u0105zanie do \u0142adowania samochod\u00f3w elektrycznych w dowolnym miejscu. Moc 3,5 kW umo\u017cliwia bezpieczne i stabilne \u0142adowanie, a lekka konstrukcja i wygodny uchwyt sprawiaj\u0105, \u017ce \u0142adowark\u0119 \u0142atwo zabra\u0107 ze sob\u0105 w podr\u00f3\u017c. Idealna do codziennego u\u017cytku w domu, biurze czy w trasie.<\/p>\n<p>[\/et_pb_text][et_pb_button button_url=&#8221;https:\/\/yell.com.pl\/przenosna-ladowarka-do-samochodu-elektrycznego-type-2-3-5kw-wodoodporna-p-42.html&#8221; url_new_window=&#8221;on&#8221; button_text=&#8221;Przejd\u017a do sklepu&#8221; button_alignment=&#8221;center&#8221; _builder_version=&#8221;4.27.4&#8243; _module_preset=&#8221;default&#8221; custom_button=&#8221;on&#8221; button_text_color=&#8221;#000000&#8243; button_bg_color=&#8221;#0af57e&#8221; button_border_color=&#8221;#000000&#8243; button_border_radius=&#8221;10px&#8221; button_letter_spacing=&#8221;0px&#8221; button_font=&#8221;||||||||&#8221; button_icon=&#8221;&#x3d;||divi||400&#8243; global_colors_info=&#8221;{}&#8221; button_text_color__hover_enabled=&#8221;off|desktop&#8221;][\/et_pb_button][et_pb_code _builder_version=&#8221;4.27.4&#8243; _module_preset=&#8221;default&#8221; text_orientation=&#8221;center&#8221; hover_enabled=&#8221;0&#8243; sticky_enabled=&#8221;0&#8243;]<a href=\"https:\/\/elverge.com\/wp-content\/uploads\/2026\/03\/INSTRUKCJA-3.5KW-11KW.pdf\" download=\"elverge_instrukcja_3.5kw_11kw\"><!-- [et_pb_line_break_holder] -->    Pobierz instrukcj\u0119<!-- [et_pb_line_break_holder] --><\/a><!-- [et_pb_line_break_holder] --><!-- [et_pb_line_break_holder] --><\/p>\n<style><!-- [et_pb_line_break_holder] --> <!-- [et_pb_line_break_holder] --><!-- [et_pb_line_break_holder] -->  a { text-decoration: underline; }<!-- [et_pb_line_break_holder] --><!-- [et_pb_line_break_holder] --><\/style>\n<p>[\/et_pb_code][\/et_pb_column][et_pb_column type=&#8221;1_2&#8243; _builder_version=&#8221;4.27.4&#8243; _module_preset=&#8221;default&#8221; global_colors_info=&#8221;{}&#8221;][et_pb_gallery gallery_ids=&#8221;333,334&#8243; fullwidth=&#8221;on&#8221; _builder_version=&#8221;4.27.4&#8243; _module_preset=&#8221;default&#8221; border_radii=&#8221;on|15px|15px|15px|15px&#8221; global_colors_info=&#8221;{}&#8221;][\/et_pb_gallery][\/et_pb_column][\/et_pb_row][\/et_pb_section][et_pb_section fb_built=&#8221;1&#8243; _builder_version=&#8221;4.27.4&#8243; _module_preset=&#8221;default&#8221; background_color=&#8221;#000000&#8243; global_colors_info=&#8221;{}&#8221;][et_pb_row _builder_version=&#8221;4.27.4&#8243; _module_preset=&#8221;default&#8221; global_colors_info=&#8221;{}&#8221;][et_pb_column type=&#8221;4_4&#8243; _builder_version=&#8221;4.27.4&#8243; _module_preset=&#8221;default&#8221; global_colors_info=&#8221;{}&#8221;][et_pb_text _builder_version=&#8221;4.27.4&#8243; _module_preset=&#8221;default&#8221; text_text_color=&#8221;#FFFFFF&#8221; text_font_size=&#8221;19px&#8221; header_font=&#8221;Exo 2||||||||&#8221; header_text_color=&#8221;#FFFFFF&#8221; header_letter_spacing=&#8221;1px&#8221; header_line_height=&#8221;1.2em&#8221; header_3_font=&#8221;Exo 2||||||||&#8221; header_3_text_color=&#8221;#FFFFFF&#8221; header_3_font_size=&#8221;40px&#8221; header_3_line_height=&#8221;1.2em&#8221; global_colors_info=&#8221;{}&#8221;]<\/p>\n<h1>Przeno\u015bna \u0142adowarka ELVERGE 3,5kW 16A Type 2 do \u0142adowania samochod\u00f3w EV oraz PHEV<\/h1>\n<p>[\/et_pb_text][et_pb_text _builder_version=&#8221;4.27.4&#8243; _module_preset=&#8221;default&#8221; text_font=&#8221;Lato||||||||&#8221; text_text_color=&#8221;#FFFFFF&#8221; text_font_size=&#8221;20px&#8221; text_letter_spacing=&#8221;1px&#8221; text_line_height=&#8221;1.2em&#8221; header_font=&#8221;Lato||||||||&#8221; header_text_color=&#8221;#FFFFFF&#8221; header_letter_spacing=&#8221;1px&#8221; custom_padding=&#8221;||0px|||&#8221; text_font_last_edited=&#8221;off|desktop&#8221; global_colors_info=&#8221;{}&#8221;]<\/p>\n<h1><span style=\"font-size: 25px; color: #ffffff;\">Przeznaczona do \u0141adowania aut elektrycznych i hybryd Plug-In.<\/span><\/h1>\n<p><b>\u2705Moc 3,5kW<\/b><\/p>\n<p><b>\u2705Przew\u00f3d Type 2 do samochodu (uniwersalny standard w EU)<\/b><\/p>\n<p><b>\u2705Gniazdo schuko (<\/b><b>Wtyk do gniazdka domowego)<\/b><\/p>\n<p><b>\u2705\u0141adowarka z wy\u015bwietlaczem (Najwa\u017cniejsze informacje, pob\u00f3r energii w danym cyklu \u0142adowania, czas \u0142adowania, moc \u0142adowania)<\/b><\/p>\n<p><b>\u2705Ustawienie mocy przyciskiem<\/b><\/p>\n<p>Wszystkie produkty Elverge s\u0105 wykonane ze staranno\u015bci\u0105, aby dzia\u0142a\u0142y nie tylko efektywnie, ale tak\u017ce przez wiele lat. W ich produkcji wykorzystano nowoczesn\u0105 technologi\u0119, a jednocze\u015bnie zosta\u0142y zaprojektowane tak, aby by\u0142y bardzo proste w u\u017cytkowaniu.<\/p>\n<p><b>Elverge jest cz\u0119\u015bci\u0105 grupy Yell, z siedzib\u0105 w Siemianowicach \u015al\u0105skich.<\/b><\/p>\n<p>[\/et_pb_text][\/et_pb_column][\/et_pb_row][\/et_pb_section]<\/p>\n","protected":false},"excerpt":{"rendered":"<p>Przeno\u015bna \u0141adowarka Samochodowa 3,5KwPrzeno\u015bna \u0141adowarka Samochodowa Elverge 3,5 kW \u2013 praktyczne i kompaktowe rozwi\u0105zanie do \u0142adowania samochod\u00f3w elektrycznych w dowolnym miejscu. Moc 3,5 kW umo\u017cliwia bezpieczne i stabilne \u0142adowanie, a lekka konstrukcja i wygodny uchwyt sprawiaj\u0105, \u017ce \u0142adowark\u0119 \u0142atwo zabra\u0107 ze sob\u0105 w podr\u00f3\u017c. Idealna do codziennego u\u017cytku w domu, biurze czy w trasie.Przeno\u015bna \u0142adowarka [&hellip;]<\/p>\n","protected":false},"author":1,"featured_media":0,"parent":0,"menu_order":0,"comment_status":"closed","ping_status":"closed","template":"","meta":{"_et_pb_use_builder":"on","_et_pb_old_content":"","_et_gb_content_width":"","footnotes":""},"class_list":["post-244","page","type-page","status-publish","hentry"],"_links":{"self":[{"href":"https:\/\/elverge.com\/index.php?rest_route=\/wp\/v2\/pages\/244","targetHints":{"allow":["GET"]}}],"collection":[{"href":"https:\/\/elverge.com\/index.php?rest_route=\/wp\/v2\/pages"}],"about":[{"href":"https:\/\/elverge.com\/index.php?rest_route=\/wp\/v2\/types\/page"}],"author":[{"embeddable":true,"href":"https:\/\/elverge.com\/index.php?rest_route=\/wp\/v2\/users\/1"}],"replies":[{"embeddable":true,"href":"https:\/\/elverge.com\/index.php?rest_route=%2Fwp%2Fv2%2Fcomments&post=244"}],"version-history":[{"count":12,"href":"https:\/\/elverge.com\/index.php?rest_route=\/wp\/v2\/pages\/244\/revisions"}],"predecessor-version":[{"id":571,"href":"https:\/\/elverge.com\/index.php?rest_route=\/wp\/v2\/pages\/244\/revisions\/571"}],"wp:attachment":[{"href":"https:\/\/elverge.com\/index.php?rest_route=%2Fwp%2Fv2%2Fmedia&parent=244"}],"curies":[{"name":"wp","href":"https:\/\/api.w.org\/{rel}","templated":true}]}}