{"id":269,"date":"2025-11-05T09:06:24","date_gmt":"2025-11-05T08:06:24","guid":{"rendered":"https:\/\/elverge.com\/?page_id=269"},"modified":"2026-03-09T13:47:41","modified_gmt":"2026-03-09T12:47:41","slug":"ladowarka-22kw","status":"publish","type":"page","link":"https:\/\/elverge.com\/?page_id=269","title":{"rendered":"\u0141adowarka 22kW"},"content":{"rendered":"<p>[et_pb_section fb_built=&#8221;1&#8243; _builder_version=&#8221;4.27.4&#8243; _module_preset=&#8221;default&#8221; background_color=&#8221;#000000&#8243; global_colors_info=&#8221;{}&#8221;][et_pb_row column_structure=&#8221;1_2,1_2&#8243; _builder_version=&#8221;4.27.4&#8243; _module_preset=&#8221;default&#8221; global_colors_info=&#8221;{}&#8221;][et_pb_column type=&#8221;1_2&#8243; _builder_version=&#8221;4.27.4&#8243; _module_preset=&#8221;default&#8221; global_colors_info=&#8221;{}&#8221;][et_pb_text _builder_version=&#8221;4.27.4&#8243; _module_preset=&#8221;default&#8221; text_font_size=&#8221;19px&#8221; header_font=&#8221;||||||||&#8221; header_3_font=&#8221;Exo 2||||||||&#8221; header_3_text_color=&#8221;#FFFFFF&#8221; header_3_font_size=&#8221;40px&#8221; header_3_line_height=&#8221;1.2em&#8221; global_colors_info=&#8221;{}&#8221;]<\/p>\n<h3>\u0141adowarka EV Wallbox 22kW<\/h3>\n<p>[\/et_pb_text][et_pb_text _builder_version=&#8221;4.27.4&#8243; _module_preset=&#8221;default&#8221; text_font=&#8221;Lato||||||||&#8221; text_text_color=&#8221;#FFFFFF&#8221; text_font_size=&#8221;25px&#8221; text_letter_spacing=&#8221;1px&#8221; text_line_height=&#8221;1.2em&#8221; custom_padding=&#8221;||0px|||&#8221; text_font_last_edited=&#8221;off|desktop&#8221; global_colors_info=&#8221;{}&#8221;]<\/p>\n<p><strong data-start=\"54\" data-end=\"92\">\u0141adowarka EV Elverge Wallbox 22 kW<\/strong> \u2013 nowoczesne i kompaktowe rozwi\u0105zanie do \u0142adowania samochod\u00f3w elektrycznych w domu lub firmie. Dzi\u0119ki mocy 22 kW zapewnia szybkie, bezpieczne i efektywne \u0142adowanie. Wyposa\u017cona w inteligentne funkcje zarz\u0105dzania energi\u0105, solidn\u0105 konstrukcj\u0119 i prosty monta\u017c, gwarantuje wygod\u0119 i niezawodno\u015b\u0107 na co dzie\u0144.<\/p>\n<p>[\/et_pb_text][et_pb_button button_url=&#8221;https:\/\/yell.com.pl\/stacja-ladowania-wallbox-22kw-do-samochodu-elektrycznego-type-2-p-44.html&#8221; url_new_window=&#8221;on&#8221; button_text=&#8221;Przejd\u017a do sklepu&#8221; button_alignment=&#8221;center&#8221; _builder_version=&#8221;4.27.4&#8243; _module_preset=&#8221;default&#8221; custom_button=&#8221;on&#8221; button_text_color=&#8221;#000000&#8243; button_bg_color=&#8221;#0af57e&#8221; button_border_color=&#8221;#000000&#8243; button_border_radius=&#8221;10px&#8221; button_letter_spacing=&#8221;0px&#8221; button_font=&#8221;||||||||&#8221; button_icon=&#8221;&#x3d;||divi||400&#8243; global_colors_info=&#8221;{}&#8221; button_text_color__hover_enabled=&#8221;off|desktop&#8221;][\/et_pb_button][et_pb_code _builder_version=&#8221;4.27.4&#8243; _module_preset=&#8221;default&#8221; text_orientation=&#8221;center&#8221; hover_enabled=&#8221;0&#8243; sticky_enabled=&#8221;0&#8243; locked=&#8221;off&#8221;]<a href=\"https:\/\/elverge.com\/wp-content\/uploads\/2026\/03\/INSTRUCKJA-22KW.pdf\" download=\"elverge_instrukcja_22kw\"><!-- [et_pb_line_break_holder] -->    Pobierz instrukcj\u0119<!-- [et_pb_line_break_holder] --><\/a><!-- [et_pb_line_break_holder] --><!-- [et_pb_line_break_holder] --><\/p>\n<style><!-- [et_pb_line_break_holder] --> <!-- [et_pb_line_break_holder] --><!-- [et_pb_line_break_holder] -->  a { text-decoration: underline; }<!-- [et_pb_line_break_holder] --><!-- [et_pb_line_break_holder] --><\/style>\n<p>[\/et_pb_code][\/et_pb_column][et_pb_column type=&#8221;1_2&#8243; _builder_version=&#8221;4.27.4&#8243; _module_preset=&#8221;default&#8221; global_colors_info=&#8221;{}&#8221;][et_pb_gallery gallery_ids=&#8221;340,395&#8243; fullwidth=&#8221;on&#8221; _builder_version=&#8221;4.27.4&#8243; _module_preset=&#8221;default&#8221; border_radii=&#8221;on|15px|15px|15px|15px&#8221; global_colors_info=&#8221;{}&#8221;][\/et_pb_gallery][\/et_pb_column][\/et_pb_row][\/et_pb_section]<\/p>\n","protected":false},"excerpt":{"rendered":"<p>\u0141adowarka EV Wallbox 22kW\u0141adowarka EV Elverge Wallbox 22 kW \u2013 nowoczesne i kompaktowe rozwi\u0105zanie do \u0142adowania samochod\u00f3w elektrycznych w domu lub firmie. Dzi\u0119ki mocy 22 kW zapewnia szybkie, bezpieczne i efektywne \u0142adowanie. Wyposa\u017cona w inteligentne funkcje zarz\u0105dzania energi\u0105, solidn\u0105 konstrukcj\u0119 i prosty monta\u017c, gwarantuje wygod\u0119 i niezawodno\u015b\u0107 na co dzie\u0144.<\/p>\n","protected":false},"author":1,"featured_media":0,"parent":0,"menu_order":0,"comment_status":"closed","ping_status":"closed","template":"","meta":{"_et_pb_use_builder":"on","_et_pb_old_content":"","_et_gb_content_width":"","footnotes":""},"class_list":["post-269","page","type-page","status-publish","hentry"],"_links":{"self":[{"href":"https:\/\/elverge.com\/index.php?rest_route=\/wp\/v2\/pages\/269","targetHints":{"allow":["GET"]}}],"collection":[{"href":"https:\/\/elverge.com\/index.php?rest_route=\/wp\/v2\/pages"}],"about":[{"href":"https:\/\/elverge.com\/index.php?rest_route=\/wp\/v2\/types\/page"}],"author":[{"embeddable":true,"href":"https:\/\/elverge.com\/index.php?rest_route=\/wp\/v2\/users\/1"}],"replies":[{"embeddable":true,"href":"https:\/\/elverge.com\/index.php?rest_route=%2Fwp%2Fv2%2Fcomments&post=269"}],"version-history":[{"count":6,"href":"https:\/\/elverge.com\/index.php?rest_route=\/wp\/v2\/pages\/269\/revisions"}],"predecessor-version":[{"id":574,"href":"https:\/\/elverge.com\/index.php?rest_route=\/wp\/v2\/pages\/269\/revisions\/574"}],"wp:attachment":[{"href":"https:\/\/elverge.com\/index.php?rest_route=%2Fwp%2Fv2%2Fmedia&parent=269"}],"curies":[{"name":"wp","href":"https:\/\/api.w.org\/{rel}","templated":true}]}}